{"id":157,"date":"2023-10-23T10:40:26","date_gmt":"2023-10-23T13:40:26","guid":{"rendered":"https:\/\/www.worktimerrhh.com.ar\/?page_id=157"},"modified":"2024-10-02T18:20:19","modified_gmt":"2024-10-02T21:20:19","slug":"reclutamiento-y-seleccion-de-personal","status":"publish","type":"page","link":"https:\/\/www.worktimerrhh.com.ar\/?page_id=157","title":{"rendered":"RECLUTAMIENTO Y SELECCI\u00d3N DE PERSONAL"},"content":{"rendered":"<p>[et_pb_section fb_built=\u00bb1&#8243; admin_label=\u00bbService\u00bb _builder_version=\u00bb4.23&#8243; _module_preset=\u00bbdefault\u00bb use_background_color_gradient=\u00bbon\u00bb background_color_gradient_stops=\u00bbrgba(41,59,69,0.7) 0%|#293b45 99%\u00bb background_color_gradient_overlays_image=\u00bbon\u00bb background_image=\u00bbhttps:\/\/www.worktimerrhh.com.ar\/wp-content\/uploads\/2023\/10\/ver-recortada-negocios-que-sientan-fila-copia.jpg\u00bb collapsed=\u00bbon\u00bb global_colors_info=\u00bb{}\u00bb][et_pb_row _builder_version=\u00bb4.20.0&#8243; _module_preset=\u00bbdefault\u00bb global_colors_info=\u00bb{}\u00bb][et_pb_column type=\u00bb4_4&#8243; _builder_version=\u00bb4.20.0&#8243; _module_preset=\u00bbdefault\u00bb global_colors_info=\u00bb{}\u00bb][et_pb_text _builder_version=\u00bb4.23&#8243; _module_preset=\u00bb76705748-e60b-4d7d-8bd5-6c46f57d8f41&#8243; header_text_color=\u00bbgcid-1c7f682d-c09a-42e9-8b1c-535ba676533f\u00bb header_4_font=\u00bbFieldwork Hum Bold|700||on|||||\u00bb header_4_text_color=\u00bbgcid-1c7f682d-c09a-42e9-8b1c-535ba676533f\u00bb header_4_font_size=\u00bb15px\u00bb text_orientation=\u00bbcenter\u00bb global_colors_info=\u00bb{%22gcid-1c7f682d-c09a-42e9-8b1c-535ba676533f%22:%91%22header_text_color%22,%22header_4_text_color%22%93}\u00bb]<\/p>\n<h4>ACOMPA\u00d1AMOS EN TODO EL PROCESO<\/h4>\n<p>[\/et_pb_text][et_pb_text _builder_version=\u00bb4.23&#8243; _module_preset=\u00bb1d253631-c8b4-4700-8641-f40301241131&#8243; header_2_font=\u00bbFieldwork Hum Bold||||||||\u00bb header_2_text_color=\u00bb#FFFFFF\u00bb text_orientation=\u00bbcenter\u00bb custom_margin=\u00bb||10px||false|false\u00bb header_2_font_size_tablet=\u00bb60px\u00bb header_2_font_size_phone=\u00bb38px\u00bb global_colors_info=\u00bb{}\u00bb]<\/p>\n<h2>RECLUTAMIENTO Y SELECCI\u00d3N DE PERSONAL<\/h2>\n<p>[\/et_pb_text][et_pb_button button_url=\u00bbhttps:\/\/wa.me\/5491170844248&#8243; button_text=\u00bbContactanos\u00bb button_alignment=\u00bbcenter\u00bb _builder_version=\u00bb4.25.2&#8243; _module_preset=\u00bb87915c23-b543-45a4-90a3-a1ae4b8b5990&#8243; button_bg_color=\u00bbgcid-1c7f682d-c09a-42e9-8b1c-535ba676533f\u00bb button_font=\u00bbFieldwork Hum Bold|700||on|||||\u00bb button_icon=\u00bb&#xf232;||fa||400&#8243; button_icon_color=\u00bbgcid-606d042f-c90f-4ea6-97e7-7b08f1ba25f6&#8243; button_on_hover=\u00bboff\u00bb hover_enabled=\u00bb0&#8243; button_icon_tablet=\u00bb\uf232||fa||400&#8243; button_icon_phone=\u00bb\uf232||fa||400&#8243; button_icon_last_edited=\u00bbon|desktop\u00bb locked=\u00bboff\u00bb global_colors_info=\u00bb{%22gcid-606d042f-c90f-4ea6-97e7-7b08f1ba25f6%22:%91%22button_text_color%22,%22button_text_color%22,%22button_icon_color%22%93,%22gcid-1c7f682d-c09a-42e9-8b1c-535ba676533f%22:%91%22button_bg_color%22%93}\u00bb sticky_enabled=\u00bb0&#8243;][\/et_pb_button][\/et_pb_column][\/et_pb_row][\/et_pb_section][et_pb_section fb_built=\u00bb1&#8243; admin_label=\u00bbFeatures\u00bb _builder_version=\u00bb4.22.2&#8243; _module_preset=\u00bbdefault\u00bb background_color=\u00bb#FFFFFF\u00bb custom_margin=\u00bb||-55px|||\u00bb custom_padding=\u00bb7px|||||\u00bb collapsed=\u00bbon\u00bb global_colors_info=\u00bb{}\u00bb][et_pb_row _builder_version=\u00bb4.20.0&#8243; _module_preset=\u00bbdefault\u00bb max_width=\u00bb800px\u00bb global_colors_info=\u00bb{}\u00bb][et_pb_column type=\u00bb4_4&#8243; _builder_version=\u00bb4.20.0&#8243; _module_preset=\u00bbdefault\u00bb global_colors_info=\u00bb{}\u00bb][et_pb_text _builder_version=\u00bb4.23&#8243; _module_preset=\u00bbf8bb7ae4-8070-475b-8b57-14f9d3170711&#8243; text_font=\u00bbFieldwork Hum Thin||||||||\u00bb text_font_size=\u00bb24px\u00bb text_orientation=\u00bbcenter\u00bb text_font_size_tablet=\u00bb22px\u00bb text_font_size_phone=\u00bb19px\u00bb text_font_size_last_edited=\u00bbon|phone\u00bb global_colors_info=\u00bb{}\u00bb]<\/p>\n<p>Trabajamos en conjunto para definir el perfil adecuado del puesto, buscando establecer en detalle \u201cQUE\u201d estamos buscando para cubrir la posici\u00f3n. Luego a trav\u00e9s de una profunda y exhaustiva investigaci\u00f3n y relevamiento de perfiles identificamos a los mejores talentos. Contamos con una base de datos propia y actualizada, y convenio con las m\u00e1s prestigiosas universidades y c\u00e1maras especializadas seg\u00fan el sector. Los candidatos son elegidos en funci\u00f3n de la mayor cantidad de congruencias con respecto al perfil dise\u00f1ado para el puesto, teniendo en cuenta su trayectoria y resultados obtenidos, as\u00ed como tambi\u00e9n por sus competencias y valores.<\/p>\n<p>[\/et_pb_text][et_pb_text _builder_version=\u00bb4.23&#8243; _module_preset=\u00bbf8bb7ae4-8070-475b-8b57-14f9d3170711&#8243; text_font=\u00bbFieldwork Hum Thin||||||||\u00bb text_font_size=\u00bb25px\u00bb text_orientation=\u00bbcenter\u00bb text_font_size_tablet=\u00bb22px\u00bb text_font_size_phone=\u00bb19px\u00bb global_colors_info=\u00bb{}\u00bb]<\/p>\n<p>Garantizamos que cada colaborador que se suma a tu empresa sea ideal para alcanzar el mejor desempe\u00f1o laboral. En funci\u00f3n a las necesidades de tu compa\u00f1\u00eda, nuestro equipo definir\u00e1 una estrategia y te acompa\u00f1ar\u00e1 en cada paso de la b\u00fasqueda de talentos para tu organizaci\u00f3n.<\/p>\n<p>[\/et_pb_text][\/et_pb_column][\/et_pb_row][\/et_pb_section][et_pb_section fb_built=\u00bb1&#8243; admin_label=\u00bbAbout\u00bb _builder_version=\u00bb4.23&#8243; _module_preset=\u00bbdefault\u00bb background_color=\u00bb#FFFFFF\u00bb custom_margin=\u00bb||||false|false\u00bb custom_padding=\u00bb0px||0px||true|false\u00bb collapsed=\u00bbon\u00bb global_colors_info=\u00bb{}\u00bb][et_pb_row column_structure=\u00bb1_2,1_2&#8243; _builder_version=\u00bb4.23&#8243; _module_preset=\u00bbdefault\u00bb custom_padding=\u00bb0px||0px||true|false\u00bb global_colors_info=\u00bb{}\u00bb][et_pb_column type=\u00bb1_2&#8243; _builder_version=\u00bb4.23&#8243; _module_preset=\u00bbdefault\u00bb background_enable_image=\u00bboff\u00bb background_size=\u00bbcontain\u00bb background_position=\u00bbbottom_left\u00bb background_horizontal_offset=\u00bb51%\u00bb background_vertical_offset=\u00bb-91%\u00bb custom_padding=\u00bb8%||8%||true|false\u00bb global_colors_info=\u00bb{}\u00bb][et_pb_text _builder_version=\u00bb4.23&#8243; _module_preset=\u00bb571ed148-cf31-4a06-8406-af1c3b4d0c6c\u00bb header_2_font=\u00bbFieldwork Hum Bold|||on|||||\u00bb header_2_font_size=\u00bb50px\u00bb header_2_line_height=\u00bb1em\u00bb custom_margin=\u00bb||12px||false|false\u00bb header_2_font_size_phone=\u00bb32px\u00bb global_colors_info=\u00bb{}\u00bb]<\/p>\n<h2>Alexandra Caraballo<\/h2>\n<p>[\/et_pb_text][et_pb_text _builder_version=\u00bb4.23&#8243; _module_preset=\u00bbdda96638-e127-4ca4-890e-0dc5b69b7896&#8243; header_4_font=\u00bbFieldwork Hum Hair|700||on|||||\u00bb header_4_font_size=\u00bb16px\u00bb custom_padding=\u00bb3px|||||\u00bb header_4_font_size_tablet=\u00bb\u00bb header_4_font_size_phone=\u00bb\u00bb header_4_font_size_last_edited=\u00bbon|desktop\u00bb global_colors_info=\u00bb{}\u00bb]<\/p>\n<h4>Humman Resources Executive<br \/>Senior\/IT Recruitment &#8211; Staff Training<\/h4>\n<p>[\/et_pb_text][et_pb_image src=\u00bbhttps:\/\/www.worktimerrhh.com.ar\/wp-content\/uploads\/2023\/10\/PUNTITOS-AMARILLOS.png\u00bb disabled_on=\u00bbon|on|off\u00bb _builder_version=\u00bb4.23&#8243; _module_preset=\u00bbdefault\u00bb global_colors_info=\u00bb{}\u00bb][\/et_pb_image][\/et_pb_column][et_pb_column type=\u00bb1_2&#8243; _builder_version=\u00bb4.20.0&#8243; _module_preset=\u00bbdefault\u00bb global_colors_info=\u00bb{}\u00bb][et_pb_image src=\u00bbhttps:\/\/www.worktimerrhh.com.ar\/wp-content\/uploads\/2023\/10\/a86aa037-fde5-4ab1-8305-da79fe079722.jpeg\u00bb title_text=\u00bbcoaching-16&#8243; _builder_version=\u00bb4.23&#8243; _module_preset=\u00bbdefault\u00bb background_color=\u00bbgcid-1c7f682d-c09a-42e9-8b1c-535ba676533f\u00bb transform_scale_tablet=\u00bb\u00bb transform_scale_phone=\u00bb\u00bb transform_scale_last_edited=\u00bbon|phone\u00bb transform_translate=\u00bb-11px|64px\u00bb transform_translate_tablet=\u00bb2px|-57px\u00bb transform_translate_phone=\u00bb-2px|-53px\u00bb transform_translate_last_edited=\u00bbon|phone\u00bb transform_rotate_tablet=\u00bb\u00bb transform_rotate_phone=\u00bb\u00bb transform_rotate_last_edited=\u00bbon|desktop\u00bb transform_skew_tablet=\u00bb\u00bb transform_skew_phone=\u00bb\u00bb transform_skew_last_edited=\u00bbon|desktop\u00bb transform_origin_tablet=\u00bb\u00bb transform_origin_phone=\u00bb\u00bb transform_origin_last_edited=\u00bbon|desktop\u00bb transform_styles_last_edited=\u00bbon|phone\u00bb custom_margin=\u00bb-12px|||||\u00bb custom_padding=\u00bb9px|||||\u00bb transform_styles_tablet=\u00bb\u00bb transform_styles_phone=\u00bb\u00bb box_shadow_style=\u00bbpreset4&#8243; box_shadow_horizontal=\u00bb24px\u00bb box_shadow_vertical=\u00bb24px\u00bb box_shadow_color=\u00bbgcid-1c7f682d-c09a-42e9-8b1c-535ba676533f\u00bb global_colors_info=\u00bb{%22gcid-1c7f682d-c09a-42e9-8b1c-535ba676533f%22:%91%22background_color%22,%22box_shadow_color%22%93}\u00bb][\/et_pb_image][\/et_pb_column][\/et_pb_row][\/et_pb_section][et_pb_section fb_built=\u00bb1&#8243; fullwidth=\u00bbon\u00bb _builder_version=\u00bb4.23&#8243; _module_preset=\u00bbdefault\u00bb global_colors_info=\u00bb{}\u00bb][et_pb_fullwidth_header title=\u00bb\u00bfTRABAJAMOS JUNTOS?\u00bb button_one_text=\u00bbHablemos por WhatsApp\u00bb button_one_url=\u00bbhttps:\/\/wa.me\/5491124517300&#8243; _builder_version=\u00bb4.23&#8243; _module_preset=\u00bbdefault\u00bb title_font=\u00bbFieldwork Hum Bold||||||||\u00bb title_text_color=\u00bb#000000&#8243; title_font_size=\u00bb47px\u00bb content_font=\u00bbFieldwork Hum Thin||||||||\u00bb content_text_color=\u00bb#000000&#8243; content_font_size=\u00bb28px\u00bb background_color=\u00bbgcid-1c7f682d-c09a-42e9-8b1c-535ba676533f\u00bb custom_button_one=\u00bbon\u00bb button_one_text_color=\u00bb#000000&#8243; button_one_icon=\u00bb&#xf232;||fa||400&#8243; button_one_on_hover=\u00bboff\u00bb custom_margin=\u00bb-20px|||||\u00bb global_colors_info=\u00bb{%22gcid-1c7f682d-c09a-42e9-8b1c-535ba676533f%22:%91%22background_color%22%93}\u00bb]<\/p>\n<p class=\"p1\">SABEMOS COMO HACER LA DIFERENCIA<\/p>\n<p>[\/et_pb_fullwidth_header][\/et_pb_section][et_pb_section fb_built=\u00bb1&#8243; admin_label=\u00bbFooter\u00bb _builder_version=\u00bb4.23&#8243; _module_preset=\u00bbdefault\u00bb background_color=\u00bb#293B45&#8243; use_background_color_gradient=\u00bbon\u00bb background_color_gradient_stops=\u00bbgcid-606d042f-c90f-4ea6-97e7-7b08f1ba25f6 20%|rgba(41,59,69,0.8) 100%\u00bb background_color_gradient_overlays_image=\u00bbon\u00bb background_image=\u00bbhttps:\/\/www.worktimerrhh.com.ar\/wp-content\/uploads\/2023\/10\/jovenes-colegas-trabajando-juntos-cafeteria-copia.jpg\u00bb background_position=\u00bbbottom_left\u00bb background_horizontal_offset=\u00bb8%\u00bb background_vertical_offset=\u00bb32%\u00bb custom_margin=\u00bb-30px|||||\u00bb custom_padding=\u00bb52px|||||\u00bb background_last_edited=\u00bbon|phone\u00bb background_position_phone=\u00bbcenter\u00bb global_module=\u00bb118&#8243; saved_tabs=\u00bball\u00bb collapsed=\u00bbon\u00bb global_colors_info=\u00bb{%22gcid-606d042f-c90f-4ea6-97e7-7b08f1ba25f6%22:%91%22background_color_gradient_stops%22%93}\u00bb][et_pb_row column_structure=\u00bb1_2,1_2&#8243; _builder_version=\u00bb4.20.0&#8243; _module_preset=\u00bbdefault\u00bb custom_margin=\u00bb-56px|auto||auto||\u00bb global_colors_info=\u00bb{}\u00bb][et_pb_column type=\u00bb1_2&#8243; _builder_version=\u00bb4.20.0&#8243; _module_preset=\u00bbdefault\u00bb global_colors_info=\u00bb{}\u00bb][et_pb_image src=\u00bbhttps:\/\/www.worktimerrhh.com.ar\/wp-content\/uploads\/2023\/10\/logo-web-home-1.png\u00bb title_text=\u00bbbf_20_tb_11&#8243; align_tablet=\u00bbcenter\u00bb align_phone=\u00bb\u00bb align_last_edited=\u00bbon|tablet\u00bb _builder_version=\u00bb4.23&#8243; _module_preset=\u00bbdefault\u00bb width=\u00bb50%\u00bb width_tablet=\u00bb34%\u00bb width_phone=\u00bb56%\u00bb width_last_edited=\u00bbon|tablet\u00bb global_colors_info=\u00bb{}\u00bb][\/et_pb_image][\/et_pb_column][et_pb_column type=\u00bb1_2&#8243; _builder_version=\u00bb4.20.0&#8243; _module_preset=\u00bbdefault\u00bb global_colors_info=\u00bb{}\u00bb][et_pb_text content_tablet=\u00bb<\/p>\n<p style=%22text-align: center;%22>Sabemos como acompa\u00f1ar a las empresas en la gesti\u00f3n integral de sus recursos. Durante toda su relaci\u00f3n laboral.<\/p>\n<p>\u00bb content_phone=\u00bb<\/p>\n<p style=%22text-align: center;%22><span>Sabemos como acompa\u00f1ar a las empresas en la gesti\u00f3n integral de sus recursos. Durante toda su relaci\u00f3n laboral.<\/span><\/p>\n<p>\u00bb content_last_edited=\u00bbon|tablet\u00bb _builder_version=\u00bb4.23&#8243; _module_preset=\u00bbde5ee07e-fc8b-401b-9080-304895f99e74&#8243; text_font=\u00bbFieldwork Hum Hair||||||||\u00bb text_text_color=\u00bb#FFFFFF\u00bb text_font_size=\u00bb19px\u00bb custom_margin=\u00bb16px|||||\u00bb global_colors_info=\u00bb{}\u00bb]<\/p>\n<p>Sabemos como acompa\u00f1ar a las empresas en la gesti\u00f3n integral de sus recursos. Durante toda su relaci\u00f3n laboral.<\/p>\n<p>[\/et_pb_text][\/et_pb_column][\/et_pb_row][et_pb_row column_structure=\u00bb1_3,1_3,1_3&#8243; _builder_version=\u00bb4.20.0&#8243; _module_preset=\u00bbdefault\u00bb min_height=\u00bb134.8px\u00bb global_colors_info=\u00bb{}\u00bb][et_pb_column type=\u00bb1_3&#8243; _builder_version=\u00bb4.20.0&#8243; _module_preset=\u00bbdefault\u00bb global_colors_info=\u00bb{}\u00bb][et_pb_text _builder_version=\u00bb4.25.2&#8243; _module_preset=\u00bbb1426046-4863-4171-a489-e705f75d660a\u00bb header_4_font=\u00bbFieldwork Hum Bold||||||||\u00bb header_4_text_color=\u00bb#FFFFFF\u00bb text_orientation=\u00bbcenter\u00bb custom_margin=\u00bb||34px||false|false\u00bb custom_padding=\u00bb||0px|||\u00bb header_4_font_size_tablet=\u00bb35px\u00bb header_4_font_size_phone=\u00bb30px\u00bb global_colors_info=\u00bb{}\u00bb]<\/p>\n<h4>(+54) 9 11 7084-4248<\/h4>\n<p>[\/et_pb_text][et_pb_text _builder_version=\u00bb4.22.2&#8243; _module_preset=\u00bbde5ee07e-fc8b-401b-9080-304895f99e74&#8243; text_font=\u00bbFieldwork Hum Thin||||||||\u00bb text_text_color=\u00bb#FFFFFF\u00bb text_font_size=\u00bb18px\u00bb link_text_color=\u00bb#FFFFFF\u00bb text_orientation=\u00bbcenter\u00bb custom_margin=\u00bb-36px|||||\u00bb custom_padding=\u00bb0px|||||\u00bb global_colors_info=\u00bb{}\u00bb]<\/p>\n<p>contacto@worktimerrhh.com.ar<\/p>\n<p>[\/et_pb_text][et_pb_text _builder_version=\u00bb4.22.2&#8243; _module_preset=\u00bbde5ee07e-fc8b-401b-9080-304895f99e74&#8243; text_font=\u00bbFieldwork Hum Thin||||||||\u00bb text_text_color=\u00bb#FFFFFF\u00bb text_font_size=\u00bb20px\u00bb link_text_color=\u00bb#FFFFFF\u00bb text_orientation=\u00bbcenter\u00bb custom_margin=\u00bb-26px||10px||false|false\u00bb global_colors_info=\u00bb{}\u00bb]<\/p>\n<p>Buenos Aires, Argentina<\/p>\n<p>[\/et_pb_text][\/et_pb_column][et_pb_column type=\u00bb1_3&#8243; _builder_version=\u00bb4.20.0&#8243; _module_preset=\u00bbdefault\u00bb global_colors_info=\u00bb{}\u00bb][\/et_pb_column][et_pb_column type=\u00bb1_3&#8243; _builder_version=\u00bb4.20.0&#8243; _module_preset=\u00bbdefault\u00bb global_colors_info=\u00bb{}\u00bb][et_pb_social_media_follow use_icon_font_size=\u00bbon\u00bb icon_font_size=\u00bb36px\u00bb _builder_version=\u00bb4.23&#8243; _module_preset=\u00bbdefault\u00bb text_orientation=\u00bbcenter\u00bb custom_margin=\u00bb12px||12px||false|false\u00bb custom_padding=\u00bb||2px|||\u00bb global_colors_info=\u00bb{}\u00bb][et_pb_social_media_follow_network social_network=\u00bbinstagram\u00bb url=\u00bbhttps:\/\/www.instagram.com\/worktimerrhh\/\u00bb use_icon_font_size=\u00bbon\u00bb icon_font_size=\u00bb50px\u00bb _builder_version=\u00bb4.22.2&#8243; _module_preset=\u00bbdefault\u00bb custom_button=\u00bbon\u00bb button_text_size=\u00bb3px\u00bb button_font=\u00bbFieldwork Hum Thin||||||||\u00bb global_colors_info=\u00bb{}\u00bb follow_button=\u00bboff\u00bb url_new_window=\u00bbon\u00bb]instagram[\/et_pb_social_media_follow_network][et_pb_social_media_follow_network social_network=\u00bblinkedin\u00bb url=\u00bbhttps:\/\/www.linkedin.com\/company\/work-time-rrhh\/\u00bb icon_color=\u00bb#FFFFFF\u00bb use_icon_font_size=\u00bbon\u00bb icon_font_size=\u00bb25px\u00bb _builder_version=\u00bb4.23&#8243; _module_preset=\u00bbdefault\u00bb background_color=\u00bb#007bb6&#8243; custom_button=\u00bbon\u00bb button_text_color=\u00bb#FFFFFF\u00bb global_colors_info=\u00bb{}\u00bb follow_button=\u00bboff\u00bb url_new_window=\u00bbon\u00bb]linkedin[\/et_pb_social_media_follow_network][\/et_pb_social_media_follow][\/et_pb_column][\/et_pb_row][et_pb_row column_structure=\u00bb1_2,1_2&#8243; _builder_version=\u00bb4.20.0&#8243; _module_preset=\u00bbdefault\u00bb custom_padding=\u00bb10px||10px||true|false\u00bb border_color_all=\u00bb#FFFFFF\u00bb border_width_top=\u00bb1px\u00bb global_colors_info=\u00bb{}\u00bb][et_pb_column type=\u00bb1_2&#8243; _builder_version=\u00bb4.20.0&#8243; _module_preset=\u00bbdefault\u00bb global_colors_info=\u00bb{}\u00bb][et_pb_text _builder_version=\u00bb4.23&#8243; _dynamic_attributes=\u00bbcontent\u00bb _module_preset=\u00bbde5ee07e-fc8b-401b-9080-304895f99e74&#8243; text_text_color=\u00bb#FFFFFF\u00bb text_orientation=\u00bbcenter\u00bb global_colors_info=\u00bb{}\u00bb]@ET-DC@eyJkeW5hbWljIjp0cnVlLCJjb250ZW50IjoiY3VycmVudF9kYXRlIiwic2V0dGluZ3MiOnsiYmVmb3JlIjoiQ29weXJpZ2h0ICZjb3B5OyAiLCJhZnRlciI6IiBXb3JrIFRpbWUuIFRvZG9zIGxvcyBkZXJlY2hvcyByZXNlcnZhZG9zLiIsImRhdGVfZm9ybWF0IjoiY3VzdG9tIiwiY3VzdG9tX2RhdGVfZm9ybWF0IjoiWSJ9fQ==@[\/et_pb_text][\/et_pb_column][et_pb_column type=\u00bb1_2&#8243; _builder_version=\u00bb4.20.0&#8243; _module_preset=\u00bbdefault\u00bb global_colors_info=\u00bb{}\u00bb][et_pb_text _builder_version=\u00bb4.23&#8243; _module_preset=\u00bbde5ee07e-fc8b-401b-9080-304895f99e74&#8243; text_text_color=\u00bb#FFFFFF\u00bb text_orientation=\u00bbcenter\u00bb global_colors_info=\u00bb{}\u00bb]<\/p>\n<p>Desarrollado por Cultura Productora.<\/p>\n<p>[\/et_pb_text][\/et_pb_column][\/et_pb_row][\/et_pb_section]<\/p>\n","protected":false},"excerpt":{"rendered":"<p>ACOMPA\u00d1AMOS EN TODO EL PROCESORECLUTAMIENTO Y SELECCI\u00d3N DE PERSONALTrabajamos en conjunto para definir el perfil adecuado del puesto, buscando establecer en detalle \u201cQUE\u201d estamos buscando para cubrir la posici\u00f3n. Luego a trav\u00e9s de una profunda y exhaustiva investigaci\u00f3n y relevamiento de perfiles identificamos a los mejores talentos. Contamos con una base de datos propia y [&hellip;]<\/p>\n","protected":false},"author":1,"featured_media":0,"parent":0,"menu_order":0,"comment_status":"closed","ping_status":"closed","template":"","meta":{"_et_pb_use_builder":"on","_et_pb_old_content":"","_et_gb_content_width":"","_joinchat":[],"footnotes":""},"class_list":["post-157","page","type-page","status-publish","hentry"],"_links":{"self":[{"href":"https:\/\/www.worktimerrhh.com.ar\/index.php?rest_route=\/wp\/v2\/pages\/157","targetHints":{"allow":["GET"]}}],"collection":[{"href":"https:\/\/www.worktimerrhh.com.ar\/index.php?rest_route=\/wp\/v2\/pages"}],"about":[{"href":"https:\/\/www.worktimerrhh.com.ar\/index.php?rest_route=\/wp\/v2\/types\/page"}],"author":[{"embeddable":true,"href":"https:\/\/www.worktimerrhh.com.ar\/index.php?rest_route=\/wp\/v2\/users\/1"}],"replies":[{"embeddable":true,"href":"https:\/\/www.worktimerrhh.com.ar\/index.php?rest_route=%2Fwp%2Fv2%2Fcomments&post=157"}],"version-history":[{"count":11,"href":"https:\/\/www.worktimerrhh.com.ar\/index.php?rest_route=\/wp\/v2\/pages\/157\/revisions"}],"predecessor-version":[{"id":600,"href":"https:\/\/www.worktimerrhh.com.ar\/index.php?rest_route=\/wp\/v2\/pages\/157\/revisions\/600"}],"wp:attachment":[{"href":"https:\/\/www.worktimerrhh.com.ar\/index.php?rest_route=%2Fwp%2Fv2%2Fmedia&parent=157"}],"curies":[{"name":"wp","href":"https:\/\/api.w.org\/{rel}","templated":true}]}}